{"id":70,"date":"2025-02-02T16:54:50","date_gmt":"2025-02-02T16:54:50","guid":{"rendered":"https:\/\/clubblackhorse.com\/web\/about\/"},"modified":"2025-02-10T16:08:26","modified_gmt":"2025-02-10T16:08:26","slug":"about","status":"publish","type":"page","link":"https:\/\/clubblackhorse.com\/web\/about\/","title":{"rendered":"About"},"content":{"rendered":"\n<div class=\"wp-block-uagb-container uagb-block-5bc14608 alignfull uagb-is-root-container\"><div class=\"uagb-container-inner-blocks-wrap\">\n<div class=\"wp-block-uagb-advanced-heading uagb-block-d4e18cc4\"><h1 class=\"uagb-heading-text\">Descubre Nuestro Club<\/h1><p class=\"uagb-desc-text\">En el Club de Ajedrez BLACK HORSE, fomentamos el aprendizaje y la pasi\u00f3n por el ajedrez en un ambiente profesional y acogedor para todas las edades y niveles de habilidad.<\/p><\/div>\n<\/div><\/div>\n\n\n\n<div class=\"wp-block-uagb-container uagb-block-fb69d5a4 alignfull uagb-is-root-container\"><div class=\"uagb-container-inner-blocks-wrap\">\n<div class=\"wp-block-uagb-container uagb-block-3b8b82d3\">\n<div class=\"wp-block-uagb-info-box uagb-block-48061ff4 uagb-infobox__content-wrap  uagb-infobox-icon-above-title uagb-infobox-image-valign-top\"><div class=\"uagb-ifb-content\"><div class=\"uagb-ifb-title-wrap\"><span class=\"uagb-ifb-title-prefix\">Sobre Nosotros<\/span><h2 class=\"uagb-ifb-title\">Bienvenido  al CLUB PROFESIONAL DE AJEDREZ BLACK HORSE en Puno y Juliaca<\/h2><\/div><p class=\"uagb-ifb-desc\">El Club de Ajedrez BLACK HORSE se especializa en ense\u00f1ar estrategias de ajedrez a jugadores de todas las edades, desde los m\u00e1s peque\u00f1os hasta los adultos, creando un espacio inclusivo y colaborativo.<\/p><\/div><\/div>\n\n\n\n<div class=\"wp-block-uagb-advanced-heading uagb-block-74d0d1bb\"><p class=\"uagb-heading-text\">Con un equipo de instructores certificados, nuestro club se ha establecido como el lugar preferido para quienes buscan mejorar sus habilidades y disfrutar de la pr\u00e1ctica del ajedrez en la regi\u00f3n.<\/p><\/div>\n<\/div>\n\n\n\n<div class=\"wp-block-uagb-container uagb-block-ead67b34\">\n<div class=\"wp-block-uagb-container uagb-layout-grid uagb-block-af531634\">\n<div class=\"wp-block-uagb-counter uagb-block-eb72779f wp-block-uagb-counter--number\"><div class=\"wp-block-uagb-counter__number\"><span class=\"uagb-counter-block-number\" data-duration=\"1.5\" data-to-value=\"800\" data-from-value=\"0\" data-delimiter=\",\"><\/span><span class=\"uagb-counter-block-suffix\">+<\/span><\/div><div class=\"wp-block-uagb-counter__title\">Alumnos satisfechos<\/div><\/div>\n\n\n\n<div class=\"wp-block-uagb-counter uagb-block-1387a750 wp-block-uagb-counter--number\"><div class=\"wp-block-uagb-counter__number\"><span class=\"uagb-counter-block-number\" data-duration=\"1.5\" data-to-value=\"20\" data-from-value=\"0\" data-delimiter=\",\"><\/span><span class=\"uagb-counter-block-suffix\">+<\/span><\/div><div class=\"wp-block-uagb-counter__title\">Torneos realizados<\/div><\/div>\n<\/div>\n<\/div>\n<\/div><\/div>\n\n\n\n<div class=\"wp-block-uagb-container uagb-block-f0c30927 alignfull uagb-is-root-container\"><div class=\"uagb-container-inner-blocks-wrap\">\n<div class=\"wp-block-uagb-info-box uagb-block-c83c74ea uagb-infobox__content-wrap  uagb-infobox-icon-above-title uagb-infobox-image-valign-top wp-block-uagb-info-box--has-margin\"><div class=\"uagb-infobox-margin-wrapper\"><div class=\"uagb-ifb-content\"><div class=\"uagb-ifb-title-wrap\"><span class=\"uagb-ifb-title-prefix\">Nuestra Misi\u00f3n<\/span><h2 class=\"uagb-ifb-title\">Formar Ajedrecistas Expertos y Apasionados<\/h2><\/div><p class=\"uagb-ifb-desc\">Nos comprometemos a ofrecer una educaci\u00f3n accesible y efectiva que motive a los jugadores a alcanzar su m\u00e1ximo potencial en el ajedrez y a disfrutar del proceso de aprendizaje.<\/p><\/div><\/div><\/div>\n\n\n\n<div class=\"wp-block-uagb-container uagb-block-ecc46d4a\">\n<div class=\"wp-block-uagb-container uagb-block-8585175c\">\n<div class=\"wp-block-uagb-advanced-heading uagb-block-cbd85ae7\"><h3 class=\"uagb-heading-text\">Educaci\u00f3n de Calidad<\/h3><p class=\"uagb-desc-text\">Proporcionamos clases de ajedrez dise\u00f1adas para todos los niveles, asegurando que cada jugador reciba la atenci\u00f3n y el apoyo necesarios para su desarrollo personal y estrat\u00e9gico.<\/p><\/div>\n<\/div>\n\n\n\n<div class=\"wp-block-uagb-container uagb-block-2fa4a196\">\n<div class=\"wp-block-uagb-advanced-heading uagb-block-71c7cea0\"><h3 class=\"uagb-heading-text\">Fomento del Talento<\/h3><p class=\"uagb-desc-text\">Identificamos y nutrimos el talento en cada joven ajedrecista, ofreciendo oportunidades para competir y crecer en un entorno amigable y profesional.<\/p><\/div>\n<\/div>\n\n\n\n<div class=\"wp-block-uagb-container uagb-block-4efe92bf\">\n<div class=\"wp-block-uagb-advanced-heading uagb-block-3851ab30\"><h3 class=\"uagb-heading-text\">Comunidad Ajedrecista<\/h3><p class=\"uagb-desc-text\">Creamos un ambiente de aprendizaje colaborativo donde los miembros pueden intercambiar ideas, estrategias y experiencias, fortaleciendo v\u00ednculos y promoviendo una comunidad apasionada por el ajedrez.<\/p><\/div>\n<\/div>\n<\/div>\n<\/div><\/div>\n\n\n\n<div class=\"wp-block-uagb-container uagb-block-69c18e0e alignfull uagb-is-root-container\"><div class=\"uagb-container-inner-blocks-wrap\">\n<div class=\"wp-block-uagb-info-box uagb-block-ae10819d uagb-infobox__content-wrap  uagb-infobox-icon-above-title uagb-infobox-image-valign-top wp-block-uagb-info-box--has-margin\"><div class=\"uagb-infobox-margin-wrapper\"><div class=\"uagb-ifb-content\"><div class=\"uagb-ifb-title-wrap\"><span class=\"uagb-ifb-title-prefix\">Educaci\u00f3n Profesional<\/span><h2 class=\"uagb-ifb-title\">Aprendizaje Efectivo y Accesible para Todos los Niveles<\/h2><\/div><p class=\"uagb-ifb-desc\">Nuestra metodolog\u00eda \u00fanica garantiza que cada alumno, desde los m\u00e1s j\u00f3venes hasta los m\u00e1s experimentados, mejore continuamente en su juego mediante t\u00e9cnicas adaptadas a sus necesidades.<\/p><\/div><\/div><\/div>\n\n\n\n<div class=\"wp-block-uagb-container uagb-block-4c5789cd\">\n<div class=\"wp-block-uagb-container uagb-block-24c5e97d\">\n<div class=\"wp-block-uagb-image alignright uagb-block-cdc7cdea wp-block-uagb-image--layout-default wp-block-uagb-image--effect-static wp-block-uagb-image--align-right uag-blocks-common-selector\" style=\"--z-index-desktop:1;;--z-index-tablet:1;;--z-index-mobile:1;\"><figure class=\"wp-block-uagb-image__figure\"><img loading=\"lazy\" decoding=\"async\" srcset=\"https:\/\/clubblackhorse.com\/web\/wp-content\/uploads\/2025\/02\/checkmate-chess-resignation-conflict-139392.jpeg ,https:\/\/clubblackhorse.com\/web\/wp-content\/uploads\/2025\/02\/checkmate-chess-resignation-conflict-139392.jpeg 780w, https:\/\/clubblackhorse.com\/web\/wp-content\/uploads\/2025\/02\/checkmate-chess-resignation-conflict-139392.jpeg 360w\" sizes=\"auto, (max-width: 480px) 150px\" src=\"https:\/\/clubblackhorse.com\/web\/wp-content\/uploads\/2025\/02\/checkmate-chess-resignation-conflict-139392.jpeg\" alt=\"\" class=\"uag-image-49\" width=\"250\" height=\"200\" title=\"missions-02\" loading=\"lazy\" role=\"img\"\/><\/figure><\/div>\n\n\n\n<div class=\"wp-block-uagb-image alignleft uagb-block-6c3b9689 wp-block-uagb-image--layout-default wp-block-uagb-image--effect-static wp-block-uagb-image--align-left\"><figure class=\"wp-block-uagb-image__figure\"><img loading=\"lazy\" decoding=\"async\" srcset=\"https:\/\/clubblackhorse.com\/web\/wp-content\/uploads\/2025\/02\/pexels-photo-4114595.jpeg ,https:\/\/clubblackhorse.com\/web\/wp-content\/uploads\/2025\/02\/pexels-photo-4114595.jpeg 780w, https:\/\/clubblackhorse.com\/web\/wp-content\/uploads\/2025\/02\/pexels-photo-4114595.jpeg 360w\" sizes=\"auto, (max-width: 480px) 150px\" src=\"https:\/\/clubblackhorse.com\/web\/wp-content\/uploads\/2025\/02\/pexels-photo-4114595.jpeg\" alt=\"\" class=\"uag-image-50\" width=\"500\" height=\"400\" title=\"missions-01\" loading=\"lazy\" role=\"img\"\/><\/figure><\/div>\n\n\n\n<div class=\"wp-block-uagb-image alignright uagb-block-01921618 wp-block-uagb-image--layout-default wp-block-uagb-image--effect-static wp-block-uagb-image--align-right uag-blocks-common-selector\" style=\"--z-index-desktop:1;;--z-index-tablet:1;;--z-index-mobile:1;\"><figure class=\"wp-block-uagb-image__figure\"><img loading=\"lazy\" decoding=\"async\" srcset=\"https:\/\/clubblackhorse.com\/web\/wp-content\/uploads\/2025\/02\/pexels-photo-6114992.jpeg ,https:\/\/clubblackhorse.com\/web\/wp-content\/uploads\/2025\/02\/pexels-photo-6114992.jpeg 780w, https:\/\/clubblackhorse.com\/web\/wp-content\/uploads\/2025\/02\/pexels-photo-6114992.jpeg 360w\" sizes=\"auto, (max-width: 480px) 150px\" src=\"https:\/\/clubblackhorse.com\/web\/wp-content\/uploads\/2025\/02\/pexels-photo-6114992.jpeg\" alt=\"\" class=\"uag-image-51\" width=\"250\" height=\"200\" title=\"missions-03\" loading=\"lazy\" role=\"img\"\/><\/figure><\/div>\n<\/div>\n\n\n\n<div class=\"wp-block-uagb-container uagb-block-5d648317\">\n<div class=\"wp-block-uagb-advanced-heading uagb-block-d0ce53dd\"><h3 class=\"uagb-heading-text\">Instructores Certificados<\/h3><p class=\"uagb-desc-text\">Contamos con jugadores expertas en ajedrez, con formaci\u00f3n nacional e internacional. Ellos guiar\u00e1n tu formaci\u00f3n y desarrollo personal en el juego.<\/p><\/div>\n\n\n\n<div class=\"wp-block-uagb-advanced-heading uagb-block-19d00f3b\"><h3 class=\"uagb-heading-text\">Compromiso con el Desarrollo<\/h3><p class=\"uagb-desc-text\">Contamos con maestros expertos con t\u00edtulos de la Federaci\u00f3n Internacional de Ajedrez, brindando una ense\u00f1anza de alta calidad que garantiza la mejora continua de nuestros alumnos.<\/p><\/div>\n\n\n\n<div class=\"wp-block-uagb-advanced-heading uagb-block-18051875\"><h3 class=\"uagb-heading-text\">Instructores Certificados<\/h3><p class=\"uagb-desc-text\">Contamos con maestros expertos con t\u00edtulos de la Federaci\u00f3n Internacional de Ajedrez, brindando una ense\u00f1anza de alta calidad que garantiza la mejora continua de nuestros alumnos.<\/p><\/div>\n<\/div>\n<\/div>\n<\/div><\/div>\n\n\n\n<div class=\"wp-block-uagb-container uagb-block-ab978807 alignfull uagb-is-root-container\"><div class=\"uagb-container-inner-blocks-wrap\">\n<div class=\"wp-block-uagb-info-box uagb-block-77740f19 uagb-infobox__content-wrap  uagb-infobox-icon-above-title uagb-infobox-image-valign-top\"><div class=\"uagb-ifb-content\"><div class=\"uagb-ifb-title-wrap\"><span class=\"uagb-ifb-title-prefix\">\u00danete Ahora<\/span><h2 class=\"uagb-ifb-title\">Empieza tu viaje en el ajedrez hoy mismo.<\/h2><\/div><p class=\"uagb-ifb-desc\">Inscr\u00edbete y descubre el apasionante mundo del ajedrez con nosotros. \u00a1Te esperamos en el Club de Ajedrez BLACK HORSE!<\/p><div class=\"uagb-ifb-button-wrapper wp-block-button\"><a href=\"\/contact\" class=\"uagb-infobox-cta-link wp-block-button__link\" target=\"_self\" rel=\"noopener noreferrer\" onclick=\"return true;\"><span class=\"uagb-inline-editing\">\u00danete Ahora<\/span><\/a><\/div><\/div><\/div>\n<\/div><\/div>\n","protected":false},"excerpt":{"rendered":"<p>Descubre Nuestro Club En el Club de Ajedrez BLACK HORSE, fomentamos el aprendizaje y la pasi\u00f3n por el ajedrez en [&hellip;]<\/p>\n","protected":false},"author":2,"featured_media":0,"parent":0,"menu_order":0,"comment_status":"closed","ping_status":"closed","template":"","meta":{"_uag_custom_page_level_css":"","site-sidebar-layout":"default","site-content-layout":"","ast-site-content-layout":"default","site-content-style":"default","site-sidebar-style":"default","ast-global-header-display":"","ast-banner-title-visibility":"","ast-main-header-display":"","ast-hfb-above-header-display":"","ast-hfb-below-header-display":"","ast-hfb-mobile-header-display":"","site-post-title":"disabled","ast-breadcrumbs-content":"","ast-featured-img":"","footer-sml-layout":"","ast-disable-related-posts":"","theme-transparent-header-meta":"enabled","adv-header-id-meta":"","stick-header-meta":"","header-above-stick-meta":"","header-main-stick-meta":"","header-below-stick-meta":"","astra-migrate-meta-layouts":"default","ast-page-background-enabled":"default","ast-page-background-meta":{"desktop":{"background-color":"var(--ast-global-color-4)","background-image":"","background-repeat":"repeat","background-position":"center center","background-size":"auto","background-attachment":"scroll","background-type":"","background-media":"","overlay-type":"","overlay-color":"","overlay-opacity":"","overlay-gradient":""},"tablet":{"background-color":"","background-image":"","background-repeat":"repeat","background-position":"center center","background-size":"auto","background-attachment":"scroll","background-type":"","background-media":"","overlay-type":"","overlay-color":"","overlay-opacity":"","overlay-gradient":""},"mobile":{"background-color":"","background-image":"","background-repeat":"repeat","background-position":"center center","background-size":"auto","background-attachment":"scroll","background-type":"","background-media":"","overlay-type":"","overlay-color":"","overlay-opacity":"","overlay-gradient":""}},"ast-content-background-meta":{"desktop":{"background-color":"var(--ast-global-color-5)","background-image":"","background-repeat":"repeat","background-position":"center center","background-size":"auto","background-attachment":"scroll","background-type":"","background-media":"","overlay-type":"","overlay-color":"","overlay-opacity":"","overlay-gradient":""},"tablet":{"background-color":"var(--ast-global-color-5)","background-image":"","background-repeat":"repeat","background-position":"center center","background-size":"auto","background-attachment":"scroll","background-type":"","background-media":"","overlay-type":"","overlay-color":"","overlay-opacity":"","overlay-gradient":""},"mobile":{"background-color":"var(--ast-global-color-5)","background-image":"","background-repeat":"repeat","background-position":"center center","background-size":"auto","background-attachment":"scroll","background-type":"","background-media":"","overlay-type":"","overlay-color":"","overlay-opacity":"","overlay-gradient":""}},"footnotes":""},"class_list":["post-70","page","type-page","status-publish","hentry"],"aioseo_notices":[],"uagb_featured_image_src":{"full":false,"thumbnail":false,"medium":false,"medium_large":false,"large":false,"1536x1536":false,"2048x2048":false},"uagb_author_info":{"display_name":"c1372265","author_link":"https:\/\/clubblackhorse.com\/web\/author\/c1372265\/"},"uagb_comment_info":0,"uagb_excerpt":"Descubre Nuestro Club En el Club de Ajedrez BLACK HORSE, fomentamos el aprendizaje y la pasi\u00f3n por el ajedrez en [&hellip;]","_links":{"self":[{"href":"https:\/\/clubblackhorse.com\/web\/wp-json\/wp\/v2\/pages\/70","targetHints":{"allow":["GET"]}}],"collection":[{"href":"https:\/\/clubblackhorse.com\/web\/wp-json\/wp\/v2\/pages"}],"about":[{"href":"https:\/\/clubblackhorse.com\/web\/wp-json\/wp\/v2\/types\/page"}],"author":[{"embeddable":true,"href":"https:\/\/clubblackhorse.com\/web\/wp-json\/wp\/v2\/users\/2"}],"replies":[{"embeddable":true,"href":"https:\/\/clubblackhorse.com\/web\/wp-json\/wp\/v2\/comments?post=70"}],"version-history":[{"count":3,"href":"https:\/\/clubblackhorse.com\/web\/wp-json\/wp\/v2\/pages\/70\/revisions"}],"predecessor-version":[{"id":584,"href":"https:\/\/clubblackhorse.com\/web\/wp-json\/wp\/v2\/pages\/70\/revisions\/584"}],"wp:attachment":[{"href":"https:\/\/clubblackhorse.com\/web\/wp-json\/wp\/v2\/media?parent=70"}],"curies":[{"name":"wp","href":"https:\/\/api.w.org\/{rel}","templated":true}]}}