{"id":71,"date":"2025-02-02T16:54:51","date_gmt":"2025-02-02T16:54:51","guid":{"rendered":"https:\/\/clubblackhorse.com\/web\/services\/"},"modified":"2025-08-01T02:44:37","modified_gmt":"2025-08-01T02:44:37","slug":"services","status":"publish","type":"page","link":"https:\/\/clubblackhorse.com\/web\/services\/","title":{"rendered":"Services"},"content":{"rendered":"\n<div class=\"wp-block-uagb-container uagb-block-5bc14608 alignfull uagb-is-root-container\"><div class=\"uagb-container-inner-blocks-wrap\">\n<div class=\"wp-block-uagb-advanced-heading uagb-block-d4e18cc4\"><h1 class=\"uagb-heading-text\">Nuestros Servicios<\/h1><p class=\"uagb-desc-text\">En el Club de Ajedrez BLACK HORSE, ofrecemos una variedad de programas dise\u00f1ados para todas las edades y niveles, promoviendo el desarrollo estrat\u00e9gico y el amor por el ajedrez.<\/p><\/div>\n<\/div><\/div>\n\n\n\n<div class=\"wp-block-uagb-container uagb-block-f0c30927 alignfull uagb-is-root-container\"><div class=\"uagb-container-inner-blocks-wrap\">\n<div class=\"wp-block-uagb-info-box uagb-block-c83c74ea uagb-infobox__content-wrap  uagb-infobox-icon-above-title uagb-infobox-image-valign-top wp-block-uagb-info-box--has-margin\"><div class=\"uagb-infobox-margin-wrapper\"><div class=\"uagb-ifb-content\"><div class=\"uagb-ifb-title-wrap\"><span class=\"uagb-ifb-title-prefix\">Ofertas Especiales<\/span><h2 class=\"uagb-ifb-title\">Descubre Nuestros Servicios de Ajedrez<\/h2><\/div><p class=\"uagb-ifb-desc\">Brindamos una experiencia de aprendizaje \u00fanica, con clases adaptadas a cada participante para maximizar su potencial en el juego.<\/p><\/div><\/div><\/div>\n\n\n\n<div class=\"wp-block-uagb-container uagb-block-ecc46d4a\">\n<div class=\"wp-block-uagb-container uagb-block-cf79a3f2\">\n<div class=\"wp-block-uagb-image aligncenter uagb-block-20639819 wp-block-uagb-image--layout-default wp-block-uagb-image--effect-static wp-block-uagb-image--align-center\"><figure class=\"wp-block-uagb-image__figure\"><img loading=\"lazy\" decoding=\"async\" srcset=\"https:\/\/clubblackhorse.com\/web\/wp-content\/uploads\/2025\/02\/checkmate-chess-resignation-conflict-139392.jpeg ,https:\/\/clubblackhorse.com\/web\/wp-content\/uploads\/2025\/02\/checkmate-chess-resignation-conflict-139392.jpeg 780w, https:\/\/clubblackhorse.com\/web\/wp-content\/uploads\/2025\/02\/checkmate-chess-resignation-conflict-139392.jpeg 360w\" sizes=\"auto, (max-width: 480px) 150px\" src=\"https:\/\/clubblackhorse.com\/web\/wp-content\/uploads\/2025\/02\/checkmate-chess-resignation-conflict-139392.jpeg\" alt=\"\" class=\"uag-image-49\" width=\"500\" height=\"253\" title=\"services-01\" loading=\"lazy\" role=\"img\"\/><\/figure><\/div>\n\n\n\n<div class=\"wp-block-uagb-info-box uagb-block-b72d42e6 uagb-infobox__content-wrap  uagb-infobox-icon-above-title uagb-infobox-image-valign-top\"><div class=\"uagb-ifb-content\"><div class=\"uagb-ifb-title-wrap\"><h3 class=\"uagb-ifb-title\">Clases Regulares<\/h3><\/div><p class=\"uagb-ifb-desc\">Ofrecemos clases semanales para mejorar habilidades t\u00e1cticas y estrat\u00e9gicas en ajedrez.<\/p><\/div><\/div>\n<\/div>\n\n\n\n<div class=\"wp-block-uagb-container uagb-block-8585175c\">\n<div class=\"wp-block-uagb-image aligncenter uagb-block-c1295536 wp-block-uagb-image--layout-default wp-block-uagb-image--effect-static wp-block-uagb-image--align-center\"><figure class=\"wp-block-uagb-image__figure\"><img loading=\"lazy\" decoding=\"async\" srcset=\"https:\/\/clubblackhorse.com\/web\/wp-content\/uploads\/2025\/02\/pexels-photo-4114595.jpeg ,https:\/\/clubblackhorse.com\/web\/wp-content\/uploads\/2025\/02\/pexels-photo-4114595.jpeg 780w, https:\/\/clubblackhorse.com\/web\/wp-content\/uploads\/2025\/02\/pexels-photo-4114595.jpeg 360w\" sizes=\"auto, (max-width: 480px) 150px\" src=\"https:\/\/clubblackhorse.com\/web\/wp-content\/uploads\/2025\/02\/pexels-photo-4114595.jpeg\" alt=\"\" class=\"uag-image-50\" width=\"500\" height=\"253\" title=\"services-02\" loading=\"lazy\" role=\"img\"\/><\/figure><\/div>\n\n\n\n<div class=\"wp-block-uagb-info-box uagb-block-e544c2b8 uagb-infobox__content-wrap  uagb-infobox-icon-above-title uagb-infobox-image-valign-top wp-block-uagb-info-box--has-margin\"><div class=\"uagb-infobox-margin-wrapper\"><div class=\"uagb-ifb-content\"><div class=\"uagb-ifb-title-wrap\"><h3 class=\"uagb-ifb-title\">Torneo Interno<\/h3><\/div><p class=\"uagb-ifb-desc\">Organizamos torneos mensuales para fomentar la competencia y el aprendizaje pr\u00e1ctico.<\/p><\/div><\/div><\/div>\n<\/div>\n<\/div>\n\n\n\n<div class=\"wp-block-uagb-container uagb-block-a124b747\">\n<div class=\"wp-block-uagb-container uagb-block-1dc9b37c\">\n<div class=\"wp-block-uagb-image aligncenter uagb-block-1a6471d9 wp-block-uagb-image--layout-default wp-block-uagb-image--effect-static wp-block-uagb-image--align-center\"><figure class=\"wp-block-uagb-image__figure\"><img loading=\"lazy\" decoding=\"async\" srcset=\"https:\/\/clubblackhorse.com\/web\/wp-content\/uploads\/2025\/02\/pexels-photo-6114992.jpeg ,https:\/\/clubblackhorse.com\/web\/wp-content\/uploads\/2025\/02\/pexels-photo-6114992.jpeg 780w, https:\/\/clubblackhorse.com\/web\/wp-content\/uploads\/2025\/02\/pexels-photo-6114992.jpeg 360w\" sizes=\"auto, (max-width: 480px) 150px\" src=\"https:\/\/clubblackhorse.com\/web\/wp-content\/uploads\/2025\/02\/pexels-photo-6114992.jpeg\" alt=\"\" class=\"uag-image-51\" width=\"500\" height=\"253\" title=\"services-03\" loading=\"lazy\" role=\"img\"\/><\/figure><\/div>\n\n\n\n<div class=\"wp-block-uagb-info-box uagb-block-a1cb7ee8 uagb-infobox__content-wrap  uagb-infobox-icon-above-title uagb-infobox-image-valign-top\"><div class=\"uagb-ifb-content\"><div class=\"uagb-ifb-title-wrap\"><h3 class=\"uagb-ifb-title\">Curso para Ni\u00f1os<\/h3><\/div><p class=\"uagb-ifb-desc\">Programas l\u00fadicos que introducen a los ni\u00f1os en el mundo del ajedrez desde temprana edad.<\/p><\/div><\/div>\n<\/div>\n\n\n\n<div class=\"wp-block-uagb-container uagb-block-a229ebae\">\n<div class=\"wp-block-uagb-image aligncenter uagb-block-3d627590 wp-block-uagb-image--layout-default wp-block-uagb-image--effect-static wp-block-uagb-image--align-center\"><figure class=\"wp-block-uagb-image__figure\"><img loading=\"lazy\" decoding=\"async\" srcset=\"https:\/\/clubblackhorse.com\/web\/wp-content\/uploads\/2025\/02\/pexels-photo-2695392.jpeg ,https:\/\/clubblackhorse.com\/web\/wp-content\/uploads\/2025\/02\/pexels-photo-2695392.jpeg 780w, https:\/\/clubblackhorse.com\/web\/wp-content\/uploads\/2025\/02\/pexels-photo-2695392.jpeg 360w\" sizes=\"auto, (max-width: 480px) 150px\" src=\"https:\/\/clubblackhorse.com\/web\/wp-content\/uploads\/2025\/02\/pexels-photo-2695392.jpeg\" alt=\"\" class=\"uag-image-45\" width=\"500\" height=\"253\" title=\"services-04\" loading=\"lazy\" role=\"img\"\/><\/figure><\/div>\n\n\n\n<div class=\"wp-block-uagb-info-box uagb-block-6f1b03ff uagb-infobox__content-wrap  uagb-infobox-icon-above-title uagb-infobox-image-valign-top wp-block-uagb-info-box--has-margin\"><div class=\"uagb-infobox-margin-wrapper\"><div class=\"uagb-ifb-content\"><div class=\"uagb-ifb-title-wrap\"><h3 class=\"uagb-ifb-title\">Entrenamiento Personalizado<\/h3><\/div><p class=\"uagb-ifb-desc\">Sesiones individuales adaptadas a las necesidades espec\u00edficas de cada jugador.<\/p><\/div><\/div><\/div>\n<\/div>\n<\/div>\n\n\n\n<div class=\"wp-block-uagb-container uagb-block-fb2e0dc7\">\n<div class=\"wp-block-uagb-container uagb-block-0c55410f\">\n<div class=\"wp-block-uagb-image aligncenter uagb-block-3ad34934 wp-block-uagb-image--layout-default wp-block-uagb-image--effect-static wp-block-uagb-image--align-center\"><figure class=\"wp-block-uagb-image__figure\"><img loading=\"lazy\" decoding=\"async\" srcset=\"https:\/\/clubblackhorse.com\/web\/wp-content\/uploads\/2025\/02\/pexels-photo-814133.jpeg ,https:\/\/clubblackhorse.com\/web\/wp-content\/uploads\/2025\/02\/pexels-photo-814133.jpeg 780w, https:\/\/clubblackhorse.com\/web\/wp-content\/uploads\/2025\/02\/pexels-photo-814133.jpeg 360w\" sizes=\"auto, (max-width: 480px) 150px\" src=\"https:\/\/clubblackhorse.com\/web\/wp-content\/uploads\/2025\/02\/pexels-photo-814133.jpeg\" alt=\"\" class=\"uag-image-46\" width=\"500\" height=\"253\" title=\"services-05\" loading=\"lazy\" role=\"img\"\/><\/figure><\/div>\n\n\n\n<div class=\"wp-block-uagb-info-box uagb-block-3729f5bc uagb-infobox__content-wrap  uagb-infobox-icon-above-title uagb-infobox-image-valign-top\"><div class=\"uagb-ifb-content\"><div class=\"uagb-ifb-title-wrap\"><h3 class=\"uagb-ifb-title\">Seminarios y Talleres<\/h3><\/div><p class=\"uagb-ifb-desc\">Eventos especiales con expertos en ajedrez para profundizar en estrategias avanzadas.<\/p><\/div><\/div>\n<\/div>\n\n\n\n<div class=\"wp-block-uagb-container uagb-block-85534ad9\">\n<div class=\"wp-block-uagb-image aligncenter uagb-block-ea634e5d wp-block-uagb-image--layout-default wp-block-uagb-image--effect-static wp-block-uagb-image--align-center\"><figure class=\"wp-block-uagb-image__figure\"><img loading=\"lazy\" decoding=\"async\" srcset=\"https:\/\/clubblackhorse.com\/web\/wp-content\/uploads\/2025\/02\/pexels-photo-6114955.jpeg ,https:\/\/clubblackhorse.com\/web\/wp-content\/uploads\/2025\/02\/pexels-photo-6114955.jpeg 780w, https:\/\/clubblackhorse.com\/web\/wp-content\/uploads\/2025\/02\/pexels-photo-6114955.jpeg 360w\" sizes=\"auto, (max-width: 480px) 150px\" src=\"https:\/\/clubblackhorse.com\/web\/wp-content\/uploads\/2025\/02\/pexels-photo-6114955.jpeg\" alt=\"\" class=\"uag-image-47\" width=\"500\" height=\"253\" title=\"services-06\" loading=\"lazy\" role=\"img\"\/><\/figure><\/div>\n\n\n\n<div class=\"wp-block-uagb-info-box uagb-block-e274281f uagb-infobox__content-wrap  uagb-infobox-icon-above-title uagb-infobox-image-valign-top wp-block-uagb-info-box--has-margin\"><div class=\"uagb-infobox-margin-wrapper\"><div class=\"uagb-ifb-content\"><div class=\"uagb-ifb-title-wrap\"><h3 class=\"uagb-ifb-title\">Charlas Motivacionales<\/h3><\/div><p class=\"uagb-ifb-desc\">Invitados especiales comparten experiencias y consejos para inspirar a nuestros jugadores.<\/p><\/div><\/div><\/div>\n<\/div>\n<\/div>\n<\/div><\/div>\n\n\n\n<div class=\"wp-block-uagb-container uagb-block-3dbd19c5 alignfull uagb-is-root-container\"><div class=\"uagb-container-inner-blocks-wrap\">\n<div class=\"wp-block-uagb-info-box uagb-block-2b86e98a uagb-infobox__content-wrap  uagb-infobox-icon-above-title uagb-infobox-image-valign-top wp-block-uagb-info-box--has-margin\"><div class=\"uagb-infobox-margin-wrapper\"><div class=\"uagb-ifb-content\"><div class=\"uagb-ifb-title-wrap\"><span class=\"uagb-ifb-title-prefix\">Preguntas Frecuentes<\/span><h2 class=\"uagb-ifb-title\">Sobre Nuestro Club<\/h2><\/div><p class=\"uagb-ifb-desc\">Aqu\u00ed encontrar\u00e1s respuestas a las preguntas m\u00e1s comunes sobre el Club de Ajedrez BLACK HORSE y nuestros servicios para los ajedrecistas de todos los niveles.<\/p><\/div><\/div><\/div>\n\n\n\n<div class=\"wp-block-uagb-container uagb-layout-grid uagb-block-00b819ad\"><div class=\"wp-block-uagb-faq uagb-faq__outer-wrap uagb-block-20e3fe0f uagb-faq-icon-row-reverse uagb-faq-layout-accordion uagb-faq-expand-first-true uagb-faq-inactive-other-true uagb-faq__wrap uagb-buttons-layout-wrap uagb-faq-equal-height     \" data-faqtoggle=\"true\" role=\"tablist\"><div class=\"wp-block-uagb-faq-child uagb-faq-child__outer-wrap uagb-faq-item uagb-block-2cb12a9c \" role=\"tab\" tabindex=\"0\"><div class=\"uagb-faq-questions-button uagb-faq-questions\">\t\t\t<span class=\"uagb-icon uagb-faq-icon-wrap\">\n\t\t\t\t\t\t\t\t<svg xmlns=\"https:\/\/www.w3.org\/2000\/svg\" viewBox= \"0 0 448 512\"><path d=\"M432 256c0 17.69-14.33 32.01-32 32.01H256v144c0 17.69-14.33 31.99-32 31.99s-32-14.3-32-31.99v-144H48c-17.67 0-32-14.32-32-32.01s14.33-31.99 32-31.99H192v-144c0-17.69 14.33-32.01 32-32.01s32 14.32 32 32.01v144h144C417.7 224 432 238.3 432 256z\"><\/path><\/svg>\n\t\t\t\t\t\t\t<\/span>\n\t\t\t\t\t\t<span class=\"uagb-icon-active uagb-faq-icon-wrap\">\n\t\t\t\t\t\t\t\t<svg xmlns=\"https:\/\/www.w3.org\/2000\/svg\" viewBox= \"0 0 448 512\"><path d=\"M400 288h-352c-17.69 0-32-14.32-32-32.01s14.31-31.99 32-31.99h352c17.69 0 32 14.3 32 31.99S417.7 288 400 288z\"><\/path><\/svg>\n\t\t\t\t\t\t\t<\/span>\n\t\t\t<span class=\"uagb-question\">\u00bfQu\u00e9 edades aceptan en el club?<\/span><\/div><div class=\"uagb-faq-content\"><p>Aceptamos jugadores a partir de los 4 a\u00f1os. Nuestro enfoque es brindar clases adaptadas a la edad y nivel de cada participante. Todos son bienvenidos, desde principiantes hasta expertos.<\/p><\/div><\/div><div class=\"wp-block-uagb-faq-child uagb-faq-child__outer-wrap uagb-faq-item uagb-block-37abc12f \" role=\"tab\" tabindex=\"0\"><div class=\"uagb-faq-questions-button uagb-faq-questions\">\t\t\t<span class=\"uagb-icon uagb-faq-icon-wrap\">\n\t\t\t\t\t\t\t\t<svg xmlns=\"https:\/\/www.w3.org\/2000\/svg\" viewBox= \"0 0 448 512\"><path d=\"M432 256c0 17.69-14.33 32.01-32 32.01H256v144c0 17.69-14.33 31.99-32 31.99s-32-14.3-32-31.99v-144H48c-17.67 0-32-14.32-32-32.01s14.33-31.99 32-31.99H192v-144c0-17.69 14.33-32.01 32-32.01s32 14.32 32 32.01v144h144C417.7 224 432 238.3 432 256z\"><\/path><\/svg>\n\t\t\t\t\t\t\t<\/span>\n\t\t\t\t\t\t<span class=\"uagb-icon-active uagb-faq-icon-wrap\">\n\t\t\t\t\t\t\t\t<svg xmlns=\"https:\/\/www.w3.org\/2000\/svg\" viewBox= \"0 0 448 512\"><path d=\"M400 288h-352c-17.69 0-32-14.32-32-32.01s14.31-31.99 32-31.99h352c17.69 0 32 14.3 32 31.99S417.7 288 400 288z\"><\/path><\/svg>\n\t\t\t\t\t\t\t<\/span>\n\t\t\t<span class=\"uagb-question\">\u00bfQui\u00e9nes son los instructores?<\/span><\/div><div class=\"uagb-faq-content\"><p>Contamos con Maestros Certificados como Instructores Nacionales. Nuestros instructores tambi\u00e9n poseen el t\u00edtulo de \u00c1rbitros Nacionales, asegurando una ense\u00f1anza de alta calidad. Su experiencia fortalece la formaci\u00f3n de nuestros ajedrecistas.<\/p><\/div><\/div><div class=\"wp-block-uagb-faq-child uagb-faq-child__outer-wrap uagb-faq-item uagb-block-64233d34 \" role=\"tab\" tabindex=\"0\"><div class=\"uagb-faq-questions-button uagb-faq-questions\">\t\t\t<span class=\"uagb-icon uagb-faq-icon-wrap\">\n\t\t\t\t\t\t\t\t<svg xmlns=\"https:\/\/www.w3.org\/2000\/svg\" viewBox= \"0 0 448 512\"><path d=\"M432 256c0 17.69-14.33 32.01-32 32.01H256v144c0 17.69-14.33 31.99-32 31.99s-32-14.3-32-31.99v-144H48c-17.67 0-32-14.32-32-32.01s14.33-31.99 32-31.99H192v-144c0-17.69 14.33-32.01 32-32.01s32 14.32 32 32.01v144h144C417.7 224 432 238.3 432 256z\"><\/path><\/svg>\n\t\t\t\t\t\t\t<\/span>\n\t\t\t\t\t\t<span class=\"uagb-icon-active uagb-faq-icon-wrap\">\n\t\t\t\t\t\t\t\t<svg xmlns=\"https:\/\/www.w3.org\/2000\/svg\" viewBox= \"0 0 448 512\"><path d=\"M400 288h-352c-17.69 0-32-14.32-32-32.01s14.31-31.99 32-31.99h352c17.69 0 32 14.3 32 31.99S417.7 288 400 288z\"><\/path><\/svg>\n\t\t\t\t\t\t\t<\/span>\n\t\t\t<span class=\"uagb-question\">\u00bfQu\u00e9 metodolog\u00eda utilizan para ense\u00f1ar?<\/span><\/div><div class=\"uagb-faq-content\"><p>Utilizamos una metodolog\u00eda centrada en la ense\u00f1anza efectiva y accesible. Nos aseguramos de que cada jugador comprenda las estrategias del ajedrez a su propio ritmo. Nuestro objetivo es fomentar el desarrollo continuo.<\/p><\/div><\/div><\/div>\n\n<div class=\"wp-block-uagb-faq uagb-faq__outer-wrap uagb-block-366b7fa2 uagb-faq-icon-row-reverse uagb-faq-layout-accordion uagb-faq-expand-first-true uagb-faq-inactive-other-true uagb-faq__wrap uagb-buttons-layout-wrap uagb-faq-equal-height     \" data-faqtoggle=\"true\" role=\"tablist\"><div class=\"wp-block-uagb-faq-child uagb-faq-child__outer-wrap uagb-faq-item uagb-block-4fe10143 \" role=\"tab\" tabindex=\"0\"><div class=\"uagb-faq-questions-button uagb-faq-questions\">\t\t\t<span class=\"uagb-icon uagb-faq-icon-wrap\">\n\t\t\t\t\t\t\t\t<svg xmlns=\"https:\/\/www.w3.org\/2000\/svg\" viewBox= \"0 0 448 512\"><path d=\"M432 256c0 17.69-14.33 32.01-32 32.01H256v144c0 17.69-14.33 31.99-32 31.99s-32-14.3-32-31.99v-144H48c-17.67 0-32-14.32-32-32.01s14.33-31.99 32-31.99H192v-144c0-17.69 14.33-32.01 32-32.01s32 14.32 32 32.01v144h144C417.7 224 432 238.3 432 256z\"><\/path><\/svg>\n\t\t\t\t\t\t\t<\/span>\n\t\t\t\t\t\t<span class=\"uagb-icon-active uagb-faq-icon-wrap\">\n\t\t\t\t\t\t\t\t<svg xmlns=\"https:\/\/www.w3.org\/2000\/svg\" viewBox= \"0 0 448 512\"><path d=\"M400 288h-352c-17.69 0-32-14.32-32-32.01s14.31-31.99 32-31.99h352c17.69 0 32 14.3 32 31.99S417.7 288 400 288z\"><\/path><\/svg>\n\t\t\t\t\t\t\t<\/span>\n\t\t\t<span class=\"uagb-question\">\u00bfOfrecen clases para todos los niveles?<\/span><\/div><div class=\"uagb-faq-content\"><p>S\u00ed, ofrecemos clases para todos los niveles, desde principiantes hasta avanzados. Nuestra estructura de clases permite a cada ajedrecista aprender y progresar seg\u00fan sus habilidades. \u00a1Cada uno tiene la oportunidad de mejorar!<\/p><\/div><\/div><div class=\"wp-block-uagb-faq-child uagb-faq-child__outer-wrap uagb-faq-item uagb-block-272394b7 \" role=\"tab\" tabindex=\"0\"><div class=\"uagb-faq-questions-button uagb-faq-questions\">\t\t\t<span class=\"uagb-icon uagb-faq-icon-wrap\">\n\t\t\t\t\t\t\t\t<svg xmlns=\"https:\/\/www.w3.org\/2000\/svg\" viewBox= \"0 0 448 512\"><path d=\"M432 256c0 17.69-14.33 32.01-32 32.01H256v144c0 17.69-14.33 31.99-32 31.99s-32-14.3-32-31.99v-144H48c-17.67 0-32-14.32-32-32.01s14.33-31.99 32-31.99H192v-144c0-17.69 14.33-32.01 32-32.01s32 14.32 32 32.01v144h144C417.7 224 432 238.3 432 256z\"><\/path><\/svg>\n\t\t\t\t\t\t\t<\/span>\n\t\t\t\t\t\t<span class=\"uagb-icon-active uagb-faq-icon-wrap\">\n\t\t\t\t\t\t\t\t<svg xmlns=\"https:\/\/www.w3.org\/2000\/svg\" viewBox= \"0 0 448 512\"><path d=\"M400 288h-352c-17.69 0-32-14.32-32-32.01s14.31-31.99 32-31.99h352c17.69 0 32 14.3 32 31.99S417.7 288 400 288z\"><\/path><\/svg>\n\t\t\t\t\t\t\t<\/span>\n\t\t\t<span class=\"uagb-question\">\u00bfC\u00f3mo puedo inscribirme en las clases?<\/span><\/div><div class=\"uagb-faq-content\"><p>Puedes inscribirte a trav\u00e9s de nuestra p\u00e1gina web o contact\u00e1ndonos directamente. Te proporcionaremos toda la informaci\u00f3n necesaria sobre horarios y costos. \u00a1Estamos aqu\u00ed para ayudarte a comenzar!<\/p><\/div><\/div><div class=\"wp-block-uagb-faq-child uagb-faq-child__outer-wrap uagb-faq-item uagb-block-28fdab6a \" role=\"tab\" tabindex=\"0\"><div class=\"uagb-faq-questions-button uagb-faq-questions\">\t\t\t<span class=\"uagb-icon uagb-faq-icon-wrap\">\n\t\t\t\t\t\t\t\t<svg xmlns=\"https:\/\/www.w3.org\/2000\/svg\" viewBox= \"0 0 448 512\"><path d=\"M432 256c0 17.69-14.33 32.01-32 32.01H256v144c0 17.69-14.33 31.99-32 31.99s-32-14.3-32-31.99v-144H48c-17.67 0-32-14.32-32-32.01s14.33-31.99 32-31.99H192v-144c0-17.69 14.33-32.01 32-32.01s32 14.32 32 32.01v144h144C417.7 224 432 238.3 432 256z\"><\/path><\/svg>\n\t\t\t\t\t\t\t<\/span>\n\t\t\t\t\t\t<span class=\"uagb-icon-active uagb-faq-icon-wrap\">\n\t\t\t\t\t\t\t\t<svg xmlns=\"https:\/\/www.w3.org\/2000\/svg\" viewBox= \"0 0 448 512\"><path d=\"M400 288h-352c-17.69 0-32-14.32-32-32.01s14.31-31.99 32-31.99h352c17.69 0 32 14.3 32 31.99S417.7 288 400 288z\"><\/path><\/svg>\n\t\t\t\t\t\t\t<\/span>\n\t\t\t<span class=\"uagb-question\">\u00bfHay eventos o torneos en el club?<\/span><\/div><div class=\"uagb-faq-content\"><p>S\u00ed, organizamos eventos y torneos regularmente. Estos permiten a los ajedrecistas poner en pr\u00e1ctica lo aprendido y disfrutar de la competencia. Mantente atento a nuestras publicaciones para m\u00e1s detalles.<\/p><\/div><\/div><\/div><\/div>\n<\/div><\/div>\n\n\n\n<div class=\"wp-block-uagb-container uagb-block-ab978807 alignfull uagb-is-root-container\"><div class=\"uagb-container-inner-blocks-wrap\">\n<div class=\"wp-block-uagb-info-box uagb-block-77740f19 uagb-infobox__content-wrap  uagb-infobox-icon-above-title uagb-infobox-image-valign-top\"><div class=\"uagb-ifb-content\"><div class=\"uagb-ifb-title-wrap\"><span class=\"uagb-ifb-title-prefix\">\u00danete Ahora<\/span><h2 class=\"uagb-ifb-title\">Empieza tu viaje en el ajedrez hoy mismo.<\/h2><\/div><p class=\"uagb-ifb-desc\">Inscr\u00edbete y descubre el apasionante mundo del ajedrez con nosotros. \u00a1Te esperamos en el Club de Ajedrez BLACK HORSE!<\/p><div class=\"uagb-ifb-button-wrapper wp-block-button\"><a href=\"\/contact\" class=\"uagb-infobox-cta-link wp-block-button__link\" target=\"_self\" rel=\"noopener noreferrer\" onclick=\"return true;\"><span class=\"uagb-inline-editing\">\u00danete Ahora<\/span><\/a><\/div><\/div><\/div>\n<\/div><\/div>\n","protected":false},"excerpt":{"rendered":"<p>Nuestros Servicios En el Club de Ajedrez BLACK HORSE, ofrecemos una variedad de programas dise\u00f1ados para todas las edades y [&hellip;]<\/p>\n","protected":false},"author":2,"featured_media":0,"parent":0,"menu_order":0,"comment_status":"closed","ping_status":"closed","template":"","meta":{"_uag_custom_page_level_css":"","site-sidebar-layout":"default","site-content-layout":"","ast-site-content-layout":"default","site-content-style":"default","site-sidebar-style":"default","ast-global-header-display":"","ast-banner-title-visibility":"","ast-main-header-display":"","ast-hfb-above-header-display":"","ast-hfb-below-header-display":"","ast-hfb-mobile-header-display":"","site-post-title":"disabled","ast-breadcrumbs-content":"","ast-featured-img":"","footer-sml-layout":"","ast-disable-related-posts":"","theme-transparent-header-meta":"enabled","adv-header-id-meta":"","stick-header-meta":"","header-above-stick-meta":"","header-main-stick-meta":"","header-below-stick-meta":"","astra-migrate-meta-layouts":"default","ast-page-background-enabled":"default","ast-page-background-meta":{"desktop":{"background-color":"var(--ast-global-color-4)","background-image":"","background-repeat":"repeat","background-position":"center center","background-size":"auto","background-attachment":"scroll","background-type":"","background-media":"","overlay-type":"","overlay-color":"","overlay-opacity":"","overlay-gradient":""},"tablet":{"background-color":"","background-image":"","background-repeat":"repeat","background-position":"center center","background-size":"auto","background-attachment":"scroll","background-type":"","background-media":"","overlay-type":"","overlay-color":"","overlay-opacity":"","overlay-gradient":""},"mobile":{"background-color":"","background-image":"","background-repeat":"repeat","background-position":"center center","background-size":"auto","background-attachment":"scroll","background-type":"","background-media":"","overlay-type":"","overlay-color":"","overlay-opacity":"","overlay-gradient":""}},"ast-content-background-meta":{"desktop":{"background-color":"var(--ast-global-color-5)","background-image":"","background-repeat":"repeat","background-position":"center center","background-size":"auto","background-attachment":"scroll","background-type":"","background-media":"","overlay-type":"","overlay-color":"","overlay-opacity":"","overlay-gradient":""},"tablet":{"background-color":"var(--ast-global-color-5)","background-image":"","background-repeat":"repeat","background-position":"center center","background-size":"auto","background-attachment":"scroll","background-type":"","background-media":"","overlay-type":"","overlay-color":"","overlay-opacity":"","overlay-gradient":""},"mobile":{"background-color":"var(--ast-global-color-5)","background-image":"","background-repeat":"repeat","background-position":"center center","background-size":"auto","background-attachment":"scroll","background-type":"","background-media":"","overlay-type":"","overlay-color":"","overlay-opacity":"","overlay-gradient":""}},"footnotes":""},"class_list":["post-71","page","type-page","status-publish","hentry"],"aioseo_notices":[],"uagb_featured_image_src":{"full":false,"thumbnail":false,"medium":false,"medium_large":false,"large":false,"1536x1536":false,"2048x2048":false},"uagb_author_info":{"display_name":"c1372265","author_link":"https:\/\/clubblackhorse.com\/web\/author\/c1372265\/"},"uagb_comment_info":0,"uagb_excerpt":"Nuestros Servicios En el Club de Ajedrez BLACK HORSE, ofrecemos una variedad de programas dise\u00f1ados para todas las edades y [&hellip;]","_links":{"self":[{"href":"https:\/\/clubblackhorse.com\/web\/wp-json\/wp\/v2\/pages\/71","targetHints":{"allow":["GET"]}}],"collection":[{"href":"https:\/\/clubblackhorse.com\/web\/wp-json\/wp\/v2\/pages"}],"about":[{"href":"https:\/\/clubblackhorse.com\/web\/wp-json\/wp\/v2\/types\/page"}],"author":[{"embeddable":true,"href":"https:\/\/clubblackhorse.com\/web\/wp-json\/wp\/v2\/users\/2"}],"replies":[{"embeddable":true,"href":"https:\/\/clubblackhorse.com\/web\/wp-json\/wp\/v2\/comments?post=71"}],"version-history":[{"count":4,"href":"https:\/\/clubblackhorse.com\/web\/wp-json\/wp\/v2\/pages\/71\/revisions"}],"predecessor-version":[{"id":612,"href":"https:\/\/clubblackhorse.com\/web\/wp-json\/wp\/v2\/pages\/71\/revisions\/612"}],"wp:attachment":[{"href":"https:\/\/clubblackhorse.com\/web\/wp-json\/wp\/v2\/media?parent=71"}],"curies":[{"name":"wp","href":"https:\/\/api.w.org\/{rel}","templated":true}]}}